{"id":181,"date":"2016-05-08T17:03:49","date_gmt":"2016-05-08T17:03:49","guid":{"rendered":"https:\/\/oceanwp.org\/gym\/?page_id=181"},"modified":"2025-11-04T23:25:35","modified_gmt":"2025-11-04T23:25:35","slug":"membership","status":"publish","type":"page","link":"https:\/\/www.holygrail-cfa.fr\/index.php\/membership\/","title":{"rendered":"CDI Performance"},"content":{"rendered":"\t\t<div data-elementor-type=\"wp-post\" data-elementor-id=\"181\" class=\"elementor elementor-181\">\n\t\t\t\t\t\t<section class=\"elementor-section elementor-top-section elementor-element elementor-element-6dcb9d1 elementor-section-boxed elementor-section-height-default elementor-section-height-default\" data-id=\"6dcb9d1\" data-element_type=\"section\" data-settings=\"{&quot;background_background&quot;:&quot;slideshow&quot;,&quot;background_slideshow_gallery&quot;:[{&quot;id&quot;:665,&quot;url&quot;:&quot;http:\\\/\\\/www.holygrail-cfa.fr\\\/wp-content\\\/uploads\\\/2025\\\/09\\\/Capture-decran-2025-09-09-a-01.20.41.png&quot;}],&quot;background_slideshow_loop&quot;:&quot;yes&quot;,&quot;background_slideshow_slide_duration&quot;:5000,&quot;background_slideshow_slide_transition&quot;:&quot;fade&quot;,&quot;background_slideshow_transition_duration&quot;:500}\">\n\t\t\t\t\t\t<div class=\"elementor-container elementor-column-gap-default\">\n\t\t\t\t\t<div class=\"elementor-column elementor-col-100 elementor-top-column elementor-element elementor-element-ad1f619 elementor-invisible\" data-id=\"ad1f619\" data-element_type=\"column\" data-settings=\"{&quot;animation&quot;:&quot;fadeInDown&quot;}\">\n\t\t\t<div class=\"elementor-widget-wrap elementor-element-populated\">\n\t\t\t\t\t\t<div class=\"elementor-element elementor-element-b97e5ac elementor-widget elementor-widget-heading\" data-id=\"b97e5ac\" data-element_type=\"widget\" data-widget_type=\"heading.default\">\n\t\t\t\t\t<h2 class=\"elementor-heading-title elementor-size-default\">CDI Avantage<\/h2>\t\t\t\t<\/div>\n\t\t\t\t<div class=\"elementor-element elementor-element-f31c6c7 elementor-widget elementor-widget-text-editor\" data-id=\"f31c6c7\" data-element_type=\"widget\" data-widget_type=\"text-editor.default\">\n\t\t\t\t\t\t\t\t\t<p>Un dispositif innovant pour transformer vos \u00e9quipes en v\u00e9ritables moteurs de croissance.<\/p>\t\t\t\t\t\t\t\t<\/div>\n\t\t\t\t\t<\/div>\n\t\t<\/div>\n\t\t\t\t\t<\/div>\n\t\t<\/section>\n\t\t<div class=\"elementor-element elementor-element-fe3a5c7 e-flex e-con-boxed e-con e-parent\" data-id=\"fe3a5c7\" data-element_type=\"container\">\n\t\t\t\t\t<div class=\"e-con-inner\">\n\t\t<div class=\"elementor-element elementor-element-679dfec e-con-full e-flex e-con e-child\" data-id=\"679dfec\" data-element_type=\"container\">\n\t\t\t\t<div class=\"elementor-element elementor-element-d3f385a elementor-widget elementor-widget-spacer\" data-id=\"d3f385a\" data-element_type=\"widget\" data-widget_type=\"spacer.default\">\n\t\t\t\t\t\t\t<div class=\"elementor-spacer\">\n\t\t\t<div class=\"elementor-spacer-inner\"><\/div>\n\t\t<\/div>\n\t\t\t\t\t\t<\/div>\n\t\t\t\t<div class=\"elementor-element elementor-element-fbcbc42 elementor-invisible elementor-widget elementor-widget-image\" data-id=\"fbcbc42\" data-element_type=\"widget\" data-settings=\"{&quot;_animation&quot;:&quot;slideInUp&quot;}\" data-widget_type=\"image.default\">\n\t\t\t\t\t\t\t\t\t\t\t\t\t\t\t<img fetchpriority=\"high\" decoding=\"async\" width=\"1024\" height=\"683\" src=\"https:\/\/www.holygrail-cfa.fr\/wp-content\/uploads\/2025\/09\/rapport-sur-le-graphique-des-lignes-d-activite-de-l-entreprise-1024x683.jpg\" class=\"attachment-large size-large wp-image-783\" alt=\"\" srcset=\"https:\/\/www.holygrail-cfa.fr\/wp-content\/uploads\/2025\/09\/rapport-sur-le-graphique-des-lignes-d-activite-de-l-entreprise-1024x683.jpg 1024w, https:\/\/www.holygrail-cfa.fr\/wp-content\/uploads\/2025\/09\/rapport-sur-le-graphique-des-lignes-d-activite-de-l-entreprise-300x200.jpg 300w, https:\/\/www.holygrail-cfa.fr\/wp-content\/uploads\/2025\/09\/rapport-sur-le-graphique-des-lignes-d-activite-de-l-entreprise-768x513.jpg 768w\" sizes=\"(max-width: 1024px) 100vw, 1024px\" \/>\t\t\t\t\t\t\t\t\t\t\t\t\t\t\t<\/div>\n\t\t\t\t<\/div>\n\t\t<div class=\"elementor-element elementor-element-433c7db e-con-full e-flex e-con e-child\" data-id=\"433c7db\" data-element_type=\"container\">\n\t\t\t\t<div class=\"elementor-element elementor-element-bb93988 elementor-widget elementor-widget-heading\" data-id=\"bb93988\" data-element_type=\"widget\" data-widget_type=\"heading.default\">\n\t\t\t\t\t<h2 class=\"elementor-heading-title elementor-size-default\">CDI Avantage<\/h2>\t\t\t\t<\/div>\n\t\t\t\t<div class=\"elementor-element elementor-element-ea4e9be elementor-widget elementor-widget-text-editor\" data-id=\"ea4e9be\" data-element_type=\"widget\" data-widget_type=\"text-editor.default\">\n\t\t\t\t\t\t\t\t\t<h3 data-start=\"75\" data-end=\"108\">Avantages pour l\u2019entreprise<\/h3><p data-start=\"110\" data-end=\"523\"><strong data-start=\"110\" data-end=\"146\">Renforcement de la comp\u00e9titivit\u00e9<\/strong><br data-start=\"146\" data-end=\"149\" \/>Investir dans le d\u00e9veloppement des comp\u00e9tences de vos \u00e9quipes permet \u00e0 l\u2019entreprise d\u2019accro\u00eetre son savoir-faire et sa capacit\u00e9 d\u2019adaptation face aux \u00e9volutions du march\u00e9. Avec le dispositif CDI Avantage, vos collaborateurs deviennent plus comp\u00e9tents, capables de relever les d\u00e9fis actuels, tout en b\u00e9n\u00e9ficiant de formations certifiantes reconnues, du CAP au Bac+5.<\/p><p data-start=\"525\" data-end=\"878\"><strong data-start=\"525\" data-end=\"560\">Flexibilit\u00e9 et personnalisation<\/strong><br data-start=\"560\" data-end=\"563\" \/>Le programme CDI Avantage\u00a0s\u2019adapte enti\u00e8rement aux besoins sp\u00e9cifiques de vos \u00e9quipes et de vos projets. Les parcours de formation sont con\u00e7us pour s\u2019int\u00e9grer parfaitement aux rythmes de travail des collaborateurs, assurant une mont\u00e9e en comp\u00e9tences efficace et harmonieuse dans le quotidien professionnel.<\/p><p data-start=\"880\" data-end=\"1202\"><strong data-start=\"880\" data-end=\"923\">Fid\u00e9lisation et engagement des salari\u00e9s<\/strong><br data-start=\"923\" data-end=\"926\" \/>Accompagner vos collaborateurs dans leur d\u00e9veloppement professionnel renforce leur motivation et leur fid\u00e9lit\u00e9 \u00e0 l\u2019entreprise. Le dispositif CDI Avantage\u00a0contribue \u00e0 r\u00e9duire le turnover, am\u00e9liorer la r\u00e9tention des talents et consolider l\u2019engagement sur le long terme.<\/p>\t\t\t\t\t\t\t\t<\/div>\n\t\t\t\t<\/div>\n\t\t\t\t\t<\/div>\n\t\t\t\t<\/div>\n\t\t<div class=\"elementor-element elementor-element-d41d55b e-flex e-con-boxed e-con e-parent\" data-id=\"d41d55b\" data-element_type=\"container\">\n\t\t\t\t\t<div class=\"e-con-inner\">\n\t\t<div class=\"elementor-element elementor-element-690b52d e-con-full e-flex e-con e-child\" data-id=\"690b52d\" data-element_type=\"container\">\n\t\t\t\t<div class=\"elementor-element elementor-element-48f60c2 elementor-widget elementor-widget-heading\" data-id=\"48f60c2\" data-element_type=\"widget\" data-widget_type=\"heading.default\">\n\t\t\t\t\t<h2 class=\"elementor-heading-title elementor-size-default\">Avantages pour le salari\u00e9<\/h2>\t\t\t\t<\/div>\n\t\t\t\t<div class=\"elementor-element elementor-element-b722312 elementor-widget elementor-widget-text-editor\" data-id=\"b722312\" data-element_type=\"widget\" data-widget_type=\"text-editor.default\">\n\t\t\t\t\t\t\t\t\t<p data-start=\"108\" data-end=\"495\"><strong data-start=\"108\" data-end=\"142\">Mont\u00e9e en comp\u00e9tences continue<\/strong><br data-start=\"142\" data-end=\"145\" \/>Le dispositif CDI Avantage\u00a0permet aux salari\u00e9s de se former tout au long de leur parcours professionnel avec des formations certifiantes, du CAP au Bac+5, dans des domaines adapt\u00e9s \u00e0 leurs besoins et \u00e0 leur \u00e9volution. Ils d\u00e9veloppent ainsi des comp\u00e9tences techniques et comportementales cl\u00e9s, renfor\u00e7ant leur expertise et leur employabilit\u00e9.<\/p><p data-start=\"497\" data-end=\"730\"><strong data-start=\"497\" data-end=\"537\">Formations reconnues et certifiantes<\/strong><br data-start=\"537\" data-end=\"540\" \/>Toutes les formations propos\u00e9es sont valid\u00e9es par le Minist\u00e8re du Travail, offrant aux collaborateurs des qualifications reconnues qui valorisent et acc\u00e9l\u00e8rent leur parcours professionnel.<\/p><p data-start=\"732\" data-end=\"1033\"><strong data-start=\"732\" data-end=\"779\">Souplesse et autonomie dans l\u2019apprentissage<\/strong><br data-start=\"779\" data-end=\"782\" \/>Le programme offre une grande flexibilit\u00e9 : les salari\u00e9s peuvent organiser leur emploi du temps et suivre les formations \u00e0 leur rythme. Cette approche favorise un apprentissage efficace, serein et parfaitement int\u00e9gr\u00e9 \u00e0 leur quotidien professionnel.<\/p>\t\t\t\t\t\t\t\t<\/div>\n\t\t\t\t<\/div>\n\t\t<div class=\"elementor-element elementor-element-36be995 e-con-full e-flex e-con e-child\" data-id=\"36be995\" data-element_type=\"container\">\n\t\t\t\t<div class=\"elementor-element elementor-element-304c5da elementor-invisible elementor-widget elementor-widget-image\" data-id=\"304c5da\" data-element_type=\"widget\" data-settings=\"{&quot;_animation&quot;:&quot;bounceInRight&quot;}\" data-widget_type=\"image.default\">\n\t\t\t\t\t\t\t\t\t\t\t\t\t\t\t<img decoding=\"async\" width=\"683\" height=\"1024\" src=\"https:\/\/www.holygrail-cfa.fr\/wp-content\/uploads\/2025\/09\/ecouter-l-opinion-683x1024.jpg\" class=\"attachment-large size-large wp-image-786\" alt=\"\" srcset=\"https:\/\/www.holygrail-cfa.fr\/wp-content\/uploads\/2025\/09\/ecouter-l-opinion-683x1024.jpg 683w, https:\/\/www.holygrail-cfa.fr\/wp-content\/uploads\/2025\/09\/ecouter-l-opinion-200x300.jpg 200w, https:\/\/www.holygrail-cfa.fr\/wp-content\/uploads\/2025\/09\/ecouter-l-opinion-768x1152.jpg 768w, https:\/\/www.holygrail-cfa.fr\/wp-content\/uploads\/2025\/09\/ecouter-l-opinion-scaled.jpg 1707w\" sizes=\"(max-width: 683px) 100vw, 683px\" \/>\t\t\t\t\t\t\t\t\t\t\t\t\t\t\t<\/div>\n\t\t\t\t<\/div>\n\t\t\t\t\t<\/div>\n\t\t\t\t<\/div>\n\t\t\t\t<section class=\"elementor-section elementor-top-section elementor-element elementor-element-25b9b771 elementor-section-boxed elementor-section-height-default elementor-section-height-default\" data-id=\"25b9b771\" data-element_type=\"section\" data-settings=\"{&quot;background_background&quot;:&quot;classic&quot;}\">\n\t\t\t\t\t\t\t<div class=\"elementor-background-overlay\"><\/div>\n\t\t\t\t\t\t\t<div class=\"elementor-container elementor-column-gap-default\">\n\t\t\t\t\t<div class=\"elementor-column elementor-col-100 elementor-top-column elementor-element elementor-element-7c10781b\" data-id=\"7c10781b\" data-element_type=\"column\">\n\t\t\t<div class=\"elementor-widget-wrap elementor-element-populated\">\n\t\t\t\t\t\t<div class=\"elementor-element elementor-element-43bc09da elementor-widget elementor-widget-spacer\" data-id=\"43bc09da\" data-element_type=\"widget\" data-widget_type=\"spacer.default\">\n\t\t\t\t\t\t\t<div class=\"elementor-spacer\">\n\t\t\t<div class=\"elementor-spacer-inner\"><\/div>\n\t\t<\/div>\n\t\t\t\t\t\t<\/div>\n\t\t\t\t<section class=\"elementor-section elementor-inner-section elementor-element elementor-element-75e080af elementor-section-boxed elementor-section-height-default elementor-section-height-default\" data-id=\"75e080af\" data-element_type=\"section\">\n\t\t\t\t\t\t<div class=\"elementor-container elementor-column-gap-default\">\n\t\t\t\t\t<div class=\"elementor-column elementor-col-100 elementor-inner-column elementor-element elementor-element-35999d7d\" data-id=\"35999d7d\" data-element_type=\"column\">\n\t\t\t<div class=\"elementor-widget-wrap elementor-element-populated\">\n\t\t\t\t\t\t<div class=\"elementor-element elementor-element-41fc6e70 elementor-widget elementor-widget-heading\" data-id=\"41fc6e70\" data-element_type=\"widget\" data-widget_type=\"heading.default\">\n\t\t\t\t\t<h2 class=\"elementor-heading-title elementor-size-default\">Ils nous font confiance\n<\/h2>\t\t\t\t<\/div>\n\t\t\t\t\t<\/div>\n\t\t<\/div>\n\t\t\t\t\t<\/div>\n\t\t<\/section>\n\t\t\t\t<section class=\"elementor-section elementor-inner-section elementor-element elementor-element-186b9d1f elementor-section-boxed elementor-section-height-default elementor-section-height-default elementor-invisible\" data-id=\"186b9d1f\" data-element_type=\"section\" data-settings=\"{&quot;animation&quot;:&quot;shake&quot;}\">\n\t\t\t\t\t\t<div class=\"elementor-container elementor-column-gap-default\">\n\t\t\t\t\t<div class=\"elementor-column elementor-col-50 elementor-inner-column elementor-element elementor-element-2e456b8d\" data-id=\"2e456b8d\" data-element_type=\"column\">\n\t\t\t<div class=\"elementor-widget-wrap elementor-element-populated\">\n\t\t\t\t\t\t<div class=\"elementor-element elementor-element-7b4f9d0a elementor-invisible elementor-widget elementor-widget-text-editor\" data-id=\"7b4f9d0a\" data-element_type=\"widget\" data-settings=\"{&quot;_animation&quot;:&quot;fadeIn&quot;}\" data-widget_type=\"text-editor.default\">\n\t\t\t\t\t\t\t\t\t<p>Un accompagnement innovant, flexible et parfaitement adapt\u00e9 \u00e0 nos besoins. R\u00e9sultats : plus de productivit\u00e9 et de comp\u00e9titivit\u00e9 dans toutes nos agences.<\/p><p><span style=\"text-decoration: underline;\"><strong>BANGKOK FACTORY<\/strong><\/span><\/p>\t\t\t\t\t\t\t\t<\/div>\n\t\t\t\t<div class=\"elementor-element elementor-element-39438ea9 elementor-invisible elementor-widget elementor-widget-text-editor\" data-id=\"39438ea9\" data-element_type=\"widget\" data-settings=\"{&quot;_animation&quot;:&quot;fadeIn&quot;}\" data-widget_type=\"text-editor.default\">\n\t\t\t\t\t\t\t\t\t<p>Une exp\u00e9rience de formation moderne et interactive. Nous avons particuli\u00e8rement appr\u00e9ci\u00e9 la flexibilit\u00e9 et l\u2019adaptation aux contraintes de notre secteur. Un vrai levier de progression pour l\u2019entreprise.<\/p><p><span style=\"text-decoration: underline;\"><strong>FEU VERT<\/strong><\/span><\/p>\t\t\t\t\t\t\t\t<\/div>\n\t\t\t\t\t<\/div>\n\t\t<\/div>\n\t\t\t\t<div class=\"elementor-column elementor-col-50 elementor-inner-column elementor-element elementor-element-481aca6d\" data-id=\"481aca6d\" data-element_type=\"column\">\n\t\t\t<div class=\"elementor-widget-wrap elementor-element-populated\">\n\t\t\t\t\t\t<div class=\"elementor-element elementor-element-3c12956a elementor-invisible elementor-widget elementor-widget-text-editor\" data-id=\"3c12956a\" data-element_type=\"widget\" data-settings=\"{&quot;_animation&quot;:&quot;fadeIn&quot;}\" data-widget_type=\"text-editor.default\">\n\t\t\t\t\t\t\t\t\t<p>Une formation tr\u00e8s enrichissante, parfaitement adapt\u00e9e \u00e0 nos besoins. Nos \u00e9quipes sont mont\u00e9es en comp\u00e9tences rapidement et appliquent d\u00e9j\u00e0 les nouvelles m\u00e9thodes au quotidien.<\/p><p><span style=\"text-decoration: underline;\"><strong>GTI IMMOBLIER<\/strong><\/span><\/p>\t\t\t\t\t\t\t\t<\/div>\n\t\t\t\t<div class=\"elementor-element elementor-element-5d083b9f elementor-invisible elementor-widget elementor-widget-text-editor\" data-id=\"5d083b9f\" data-element_type=\"widget\" data-settings=\"{&quot;_animation&quot;:&quot;fadeIn&quot;}\" data-widget_type=\"text-editor.default\">\n\t\t\t\t\t\t\t\t\t<p>Des formateurs disponibles, p\u00e9dagogues et \u00e0 l\u2019\u00e9coute. Le contenu est concret, clair et imm\u00e9diatement utile. Nous voyons d\u00e9j\u00e0 un vrai impact sur la performance de nos collaborateurs.<\/p><p><span style=\"text-decoration: underline;\"><strong>SAC CONSULTING<\/strong><\/span><\/p>\t\t\t\t\t\t\t\t<\/div>\n\t\t\t\t\t<\/div>\n\t\t<\/div>\n\t\t\t\t\t<\/div>\n\t\t<\/section>\n\t\t\t\t\t<\/div>\n\t\t<\/div>\n\t\t\t\t\t<\/div>\n\t\t<\/section>\n\t\t\t\t<\/div>\n\t\t","protected":false},"excerpt":{"rendered":"<p>CDI Avantage Un dispositif innovant pour transformer vos \u00e9quipes en v\u00e9ritables moteurs de croissance. CDI Avantage Avantages pour l\u2019entreprise Renforcement de la comp\u00e9titivit\u00e9Investir dans le d\u00e9veloppement des comp\u00e9tences de vos \u00e9quipes permet \u00e0 l\u2019entreprise d\u2019accro\u00eetre son savoir-faire et sa capacit\u00e9 d\u2019adaptation face aux \u00e9volutions du march\u00e9. Avec le dispositif CDI Avantage, vos collaborateurs deviennent plus [&hellip;]<\/p>\n","protected":false},"author":1,"featured_media":0,"parent":0,"menu_order":0,"comment_status":"closed","ping_status":"closed","template":"","meta":{"ocean_post_layout":"full-screen","ocean_both_sidebars_style":"","ocean_both_sidebars_content_width":0,"ocean_both_sidebars_sidebars_width":0,"ocean_sidebar":"0","ocean_second_sidebar":"0","ocean_disable_margins":"on","ocean_add_body_class":"","ocean_shortcode_before_top_bar":"","ocean_shortcode_after_top_bar":"","ocean_shortcode_before_header":"","ocean_shortcode_after_header":"","ocean_has_shortcode":"","ocean_shortcode_after_title":"","ocean_shortcode_before_footer_widgets":"","ocean_shortcode_after_footer_widgets":"","ocean_shortcode_before_footer_bottom":"","ocean_shortcode_after_footer_bottom":"","ocean_display_top_bar":"default","ocean_display_header":"default","ocean_header_style":"","ocean_center_header_left_menu":"0","ocean_custom_header_template":"0","ocean_custom_logo":0,"ocean_custom_retina_logo":0,"ocean_custom_logo_max_width":0,"ocean_custom_logo_tablet_max_width":0,"ocean_custom_logo_mobile_max_width":0,"ocean_custom_logo_max_height":0,"ocean_custom_logo_tablet_max_height":0,"ocean_custom_logo_mobile_max_height":0,"ocean_header_custom_menu":"0","ocean_menu_typo_font_family":"0","ocean_menu_typo_font_subset":"","ocean_menu_typo_font_size":0,"ocean_menu_typo_font_size_tablet":0,"ocean_menu_typo_font_size_mobile":0,"ocean_menu_typo_font_size_unit":"px","ocean_menu_typo_font_weight":"","ocean_menu_typo_font_weight_tablet":"","ocean_menu_typo_font_weight_mobile":"","ocean_menu_typo_transform":"","ocean_menu_typo_transform_tablet":"","ocean_menu_typo_transform_mobile":"","ocean_menu_typo_line_height":0,"ocean_menu_typo_line_height_tablet":0,"ocean_menu_typo_line_height_mobile":0,"ocean_menu_typo_line_height_unit":"","ocean_menu_typo_spacing":0,"ocean_menu_typo_spacing_tablet":0,"ocean_menu_typo_spacing_mobile":0,"ocean_menu_typo_spacing_unit":"","ocean_menu_link_color":"","ocean_menu_link_color_hover":"","ocean_menu_link_color_active":"","ocean_menu_link_background":"","ocean_menu_link_hover_background":"","ocean_menu_link_active_background":"","ocean_menu_social_links_bg":"","ocean_menu_social_hover_links_bg":"","ocean_menu_social_links_color":"","ocean_menu_social_hover_links_color":"","ocean_disable_title":"on","ocean_disable_heading":"on","ocean_post_title":"","ocean_post_subheading":"","ocean_post_title_style":"background-image","ocean_post_title_background_color":"","ocean_post_title_background":0,"ocean_post_title_bg_image_position":"center center","ocean_post_title_bg_image_attachment":"","ocean_post_title_bg_image_repeat":"","ocean_post_title_bg_image_size":"","ocean_post_title_height":0,"ocean_post_title_bg_overlay":0.5,"ocean_post_title_bg_overlay_color":"","ocean_disable_breadcrumbs":"default","ocean_breadcrumbs_color":"","ocean_breadcrumbs_separator_color":"","ocean_breadcrumbs_links_color":"","ocean_breadcrumbs_links_hover_color":"","ocean_display_footer_widgets":"default","ocean_display_footer_bottom":"default","ocean_custom_footer_template":"0","omw_enable_modal_window":"enable","footnotes":""},"class_list":["post-181","page","type-page","status-publish","hentry","entry"],"_links":{"self":[{"href":"https:\/\/www.holygrail-cfa.fr\/index.php\/wp-json\/wp\/v2\/pages\/181","targetHints":{"allow":["GET"]}}],"collection":[{"href":"https:\/\/www.holygrail-cfa.fr\/index.php\/wp-json\/wp\/v2\/pages"}],"about":[{"href":"https:\/\/www.holygrail-cfa.fr\/index.php\/wp-json\/wp\/v2\/types\/page"}],"author":[{"embeddable":true,"href":"https:\/\/www.holygrail-cfa.fr\/index.php\/wp-json\/wp\/v2\/users\/1"}],"replies":[{"embeddable":true,"href":"https:\/\/www.holygrail-cfa.fr\/index.php\/wp-json\/wp\/v2\/comments?post=181"}],"version-history":[{"count":29,"href":"https:\/\/www.holygrail-cfa.fr\/index.php\/wp-json\/wp\/v2\/pages\/181\/revisions"}],"predecessor-version":[{"id":840,"href":"https:\/\/www.holygrail-cfa.fr\/index.php\/wp-json\/wp\/v2\/pages\/181\/revisions\/840"}],"wp:attachment":[{"href":"https:\/\/www.holygrail-cfa.fr\/index.php\/wp-json\/wp\/v2\/media?parent=181"}],"curies":[{"name":"wp","href":"https:\/\/api.w.org\/{rel}","templated":true}]}}